{"id":3270,"date":"2024-04-24T10:01:15","date_gmt":"2024-04-24T10:01:15","guid":{"rendered":"https:\/\/infocontrolsa.com\/tienda\/?post_type=product&#038;p=3270"},"modified":"2024-05-03T11:50:15","modified_gmt":"2024-05-03T11:50:15","slug":"mochila-caldy","status":"publish","type":"product","link":"https:\/\/infocontrolsa.com\/tienda\/producto\/mochila-caldy\/","title":{"rendered":"MOCHILA CALDY"},"content":{"rendered":"","protected":false},"excerpt":{"rendered":"<p>Mochila en resistente 600D RPET, elaborado a partir de pl\u00e1stico reciclado, para as\u00ed fomentar la reutilizaci\u00f3n de residuos pl\u00e1sticos y ayudar a la sostenibilidad del planeta. Con cierre de cremallera y bolsillo en frontal, esquinas reforzadas, tiradores con cinta para f\u00e1cil apertura y accesorios en color negro. Espalda y cintas de hombros acolchadas y ajustables. Distintivo RPET en etiqueta,<\/p>\n","protected":false},"featured_media":3246,"template":"","meta":[],"product_cat":[349],"product_tag":[],"yoast_head":"<!-- This site is optimized with the Yoast SEO plugin v23.0 - https:\/\/yoast.com\/wordpress\/plugins\/seo\/ -->\n<title>MOCHILA CALDY - Infocontrol S.A<\/title>\n<meta name=\"robots\" content=\"noindex, follow, max-snippet:-1, max-image-preview:large, max-video-preview:-1\" \/>\n<meta property=\"og:locale\" content=\"es_ES\" \/>\n<meta property=\"og:type\" content=\"article\" \/>\n<meta property=\"og:title\" content=\"MOCHILA CALDY - Infocontrol S.A\" \/>\n<meta property=\"og:description\" content=\"Mochila en resistente 600D RPET, elaborado a partir de pl\u00e1stico reciclado, para as\u00ed fomentar la reutilizaci\u00f3n de residuos pl\u00e1sticos y ayudar a la sostenibilidad del planeta. Con cierre de cremallera y bolsillo en frontal, esquinas reforzadas, tiradores con cinta para f\u00e1cil apertura y accesorios en color negro. Espalda y cintas de hombros acolchadas y ajustables. Distintivo RPET en etiqueta,\" \/>\n<meta property=\"og:url\" content=\"https:\/\/infocontrolsa.com\/tienda\/producto\/mochila-caldy\/\" \/>\n<meta property=\"og:site_name\" content=\"Infocontrol S.A\" \/>\n<meta property=\"article:publisher\" content=\"https:\/\/m.facebook.com\/infocontrolsa\" \/>\n<meta property=\"article:modified_time\" content=\"2024-05-03T11:50:15+00:00\" \/>\n<meta property=\"og:image\" content=\"https:\/\/infocontrolsa.com\/tienda\/wp-content\/uploads\/2024\/04\/COLLAGE-CALDY.jpg\" \/>\n\t<meta property=\"og:image:width\" content=\"1000\" \/>\n\t<meta property=\"og:image:height\" content=\"1000\" \/>\n\t<meta property=\"og:image:type\" content=\"image\/jpeg\" \/>\n<script type=\"application\/ld+json\" class=\"yoast-schema-graph\">{\"@context\":\"https:\/\/schema.org\",\"@graph\":[{\"@type\":\"WebPage\",\"@id\":\"https:\/\/infocontrolsa.com\/tienda\/producto\/mochila-caldy\/\",\"url\":\"https:\/\/infocontrolsa.com\/tienda\/producto\/mochila-caldy\/\",\"name\":\"MOCHILA CALDY - Infocontrol S.A\",\"isPartOf\":{\"@id\":\"https:\/\/infocontrolsa.com\/tienda\/#website\"},\"primaryImageOfPage\":{\"@id\":\"https:\/\/infocontrolsa.com\/tienda\/producto\/mochila-caldy\/#primaryimage\"},\"image\":{\"@id\":\"https:\/\/infocontrolsa.com\/tienda\/producto\/mochila-caldy\/#primaryimage\"},\"thumbnailUrl\":\"https:\/\/infocontrolsa.com\/tienda\/wp-content\/uploads\/2024\/04\/COLLAGE-CALDY.jpg\",\"datePublished\":\"2024-04-24T10:01:15+00:00\",\"dateModified\":\"2024-05-03T11:50:15+00:00\",\"breadcrumb\":{\"@id\":\"https:\/\/infocontrolsa.com\/tienda\/producto\/mochila-caldy\/#breadcrumb\"},\"inLanguage\":\"es\",\"potentialAction\":[{\"@type\":\"ReadAction\",\"target\":[\"https:\/\/infocontrolsa.com\/tienda\/producto\/mochila-caldy\/\"]}]},{\"@type\":\"ImageObject\",\"inLanguage\":\"es\",\"@id\":\"https:\/\/infocontrolsa.com\/tienda\/producto\/mochila-caldy\/#primaryimage\",\"url\":\"https:\/\/infocontrolsa.com\/tienda\/wp-content\/uploads\/2024\/04\/COLLAGE-CALDY.jpg\",\"contentUrl\":\"https:\/\/infocontrolsa.com\/tienda\/wp-content\/uploads\/2024\/04\/COLLAGE-CALDY.jpg\",\"width\":1000,\"height\":1000},{\"@type\":\"BreadcrumbList\",\"@id\":\"https:\/\/infocontrolsa.com\/tienda\/producto\/mochila-caldy\/#breadcrumb\",\"itemListElement\":[{\"@type\":\"ListItem\",\"position\":1,\"name\":\"Portada\",\"item\":\"https:\/\/infocontrolsa.com\/tienda\/\"},{\"@type\":\"ListItem\",\"position\":2,\"name\":\"Tienda\",\"item\":\"https:\/\/infocontrolsa.com\/tienda\/\"},{\"@type\":\"ListItem\",\"position\":3,\"name\":\"MOCHILA CALDY\"}]},{\"@type\":\"WebSite\",\"@id\":\"https:\/\/infocontrolsa.com\/tienda\/#website\",\"url\":\"https:\/\/infocontrolsa.com\/tienda\/\",\"name\":\"Infocontrol S.A\",\"description\":\"REGALOS PROMOCIONALES PERSONALIZADOS\",\"publisher\":{\"@id\":\"https:\/\/infocontrolsa.com\/tienda\/#organization\"},\"potentialAction\":[{\"@type\":\"SearchAction\",\"target\":{\"@type\":\"EntryPoint\",\"urlTemplate\":\"https:\/\/infocontrolsa.com\/tienda\/?s={search_term_string}\"},\"query-input\":\"required name=search_term_string\"}],\"inLanguage\":\"es\"},{\"@type\":\"Organization\",\"@id\":\"https:\/\/infocontrolsa.com\/tienda\/#organization\",\"name\":\"Infocontrol S.A\",\"url\":\"https:\/\/infocontrolsa.com\/tienda\/\",\"logo\":{\"@type\":\"ImageObject\",\"inLanguage\":\"es\",\"@id\":\"https:\/\/infocontrolsa.com\/tienda\/#\/schema\/logo\/image\/\",\"url\":\"https:\/\/infocontrolsa.com\/tienda\/wp-content\/uploads\/2024\/04\/nuevo-logo-Info.png\",\"contentUrl\":\"https:\/\/infocontrolsa.com\/tienda\/wp-content\/uploads\/2024\/04\/nuevo-logo-Info.png\",\"width\":556,\"height\":113,\"caption\":\"Infocontrol S.A\"},\"image\":{\"@id\":\"https:\/\/infocontrolsa.com\/tienda\/#\/schema\/logo\/image\/\"},\"sameAs\":[\"https:\/\/m.facebook.com\/infocontrolsa\",\"https:\/\/www.instagram.com\/infocontrolsa\/?hl=es\",\"https:\/\/es.linkedin.com\/company\/infocontrol-s-a-\"]}]}<\/script>\n<!-- \/ Yoast SEO plugin. -->","yoast_head_json":{"title":"MOCHILA CALDY - Infocontrol S.A","robots":{"index":"noindex","follow":"follow","max-snippet":"max-snippet:-1","max-image-preview":"max-image-preview:large","max-video-preview":"max-video-preview:-1"},"og_locale":"es_ES","og_type":"article","og_title":"MOCHILA CALDY - Infocontrol S.A","og_description":"Mochila en resistente 600D RPET, elaborado a partir de pl\u00e1stico reciclado, para as\u00ed fomentar la reutilizaci\u00f3n de residuos pl\u00e1sticos y ayudar a la sostenibilidad del planeta. Con cierre de cremallera y bolsillo en frontal, esquinas reforzadas, tiradores con cinta para f\u00e1cil apertura y accesorios en color negro. Espalda y cintas de hombros acolchadas y ajustables. Distintivo RPET en etiqueta,","og_url":"https:\/\/infocontrolsa.com\/tienda\/producto\/mochila-caldy\/","og_site_name":"Infocontrol S.A","article_publisher":"https:\/\/m.facebook.com\/infocontrolsa","article_modified_time":"2024-05-03T11:50:15+00:00","og_image":[{"width":1000,"height":1000,"url":"https:\/\/infocontrolsa.com\/tienda\/wp-content\/uploads\/2024\/04\/COLLAGE-CALDY.jpg","type":"image\/jpeg"}],"schema":{"@context":"https:\/\/schema.org","@graph":[{"@type":"WebPage","@id":"https:\/\/infocontrolsa.com\/tienda\/producto\/mochila-caldy\/","url":"https:\/\/infocontrolsa.com\/tienda\/producto\/mochila-caldy\/","name":"MOCHILA CALDY - Infocontrol S.A","isPartOf":{"@id":"https:\/\/infocontrolsa.com\/tienda\/#website"},"primaryImageOfPage":{"@id":"https:\/\/infocontrolsa.com\/tienda\/producto\/mochila-caldy\/#primaryimage"},"image":{"@id":"https:\/\/infocontrolsa.com\/tienda\/producto\/mochila-caldy\/#primaryimage"},"thumbnailUrl":"https:\/\/infocontrolsa.com\/tienda\/wp-content\/uploads\/2024\/04\/COLLAGE-CALDY.jpg","datePublished":"2024-04-24T10:01:15+00:00","dateModified":"2024-05-03T11:50:15+00:00","breadcrumb":{"@id":"https:\/\/infocontrolsa.com\/tienda\/producto\/mochila-caldy\/#breadcrumb"},"inLanguage":"es","potentialAction":[{"@type":"ReadAction","target":["https:\/\/infocontrolsa.com\/tienda\/producto\/mochila-caldy\/"]}]},{"@type":"ImageObject","inLanguage":"es","@id":"https:\/\/infocontrolsa.com\/tienda\/producto\/mochila-caldy\/#primaryimage","url":"https:\/\/infocontrolsa.com\/tienda\/wp-content\/uploads\/2024\/04\/COLLAGE-CALDY.jpg","contentUrl":"https:\/\/infocontrolsa.com\/tienda\/wp-content\/uploads\/2024\/04\/COLLAGE-CALDY.jpg","width":1000,"height":1000},{"@type":"BreadcrumbList","@id":"https:\/\/infocontrolsa.com\/tienda\/producto\/mochila-caldy\/#breadcrumb","itemListElement":[{"@type":"ListItem","position":1,"name":"Portada","item":"https:\/\/infocontrolsa.com\/tienda\/"},{"@type":"ListItem","position":2,"name":"Tienda","item":"https:\/\/infocontrolsa.com\/tienda\/"},{"@type":"ListItem","position":3,"name":"MOCHILA CALDY"}]},{"@type":"WebSite","@id":"https:\/\/infocontrolsa.com\/tienda\/#website","url":"https:\/\/infocontrolsa.com\/tienda\/","name":"Infocontrol S.A","description":"REGALOS PROMOCIONALES PERSONALIZADOS","publisher":{"@id":"https:\/\/infocontrolsa.com\/tienda\/#organization"},"potentialAction":[{"@type":"SearchAction","target":{"@type":"EntryPoint","urlTemplate":"https:\/\/infocontrolsa.com\/tienda\/?s={search_term_string}"},"query-input":"required name=search_term_string"}],"inLanguage":"es"},{"@type":"Organization","@id":"https:\/\/infocontrolsa.com\/tienda\/#organization","name":"Infocontrol S.A","url":"https:\/\/infocontrolsa.com\/tienda\/","logo":{"@type":"ImageObject","inLanguage":"es","@id":"https:\/\/infocontrolsa.com\/tienda\/#\/schema\/logo\/image\/","url":"https:\/\/infocontrolsa.com\/tienda\/wp-content\/uploads\/2024\/04\/nuevo-logo-Info.png","contentUrl":"https:\/\/infocontrolsa.com\/tienda\/wp-content\/uploads\/2024\/04\/nuevo-logo-Info.png","width":556,"height":113,"caption":"Infocontrol S.A"},"image":{"@id":"https:\/\/infocontrolsa.com\/tienda\/#\/schema\/logo\/image\/"},"sameAs":["https:\/\/m.facebook.com\/infocontrolsa","https:\/\/www.instagram.com\/infocontrolsa\/?hl=es","https:\/\/es.linkedin.com\/company\/infocontrol-s-a-"]}]}},"_links":{"self":[{"href":"https:\/\/infocontrolsa.com\/tienda\/wp-json\/wp\/v2\/product\/3270"}],"collection":[{"href":"https:\/\/infocontrolsa.com\/tienda\/wp-json\/wp\/v2\/product"}],"about":[{"href":"https:\/\/infocontrolsa.com\/tienda\/wp-json\/wp\/v2\/types\/product"}],"version-history":[{"count":0,"href":"https:\/\/infocontrolsa.com\/tienda\/wp-json\/wp\/v2\/product\/3270\/revisions"}],"wp:featuredmedia":[{"embeddable":true,"href":"https:\/\/infocontrolsa.com\/tienda\/wp-json\/wp\/v2\/media\/3246"}],"wp:attachment":[{"href":"https:\/\/infocontrolsa.com\/tienda\/wp-json\/wp\/v2\/media?parent=3270"}],"wp:term":[{"taxonomy":"product_cat","embeddable":true,"href":"https:\/\/infocontrolsa.com\/tienda\/wp-json\/wp\/v2\/product_cat?post=3270"},{"taxonomy":"product_tag","embeddable":true,"href":"https:\/\/infocontrolsa.com\/tienda\/wp-json\/wp\/v2\/product_tag?post=3270"}],"curies":[{"name":"wp","href":"https:\/\/api.w.org\/{rel}","templated":true}]}}