{"id":2864,"date":"2023-12-29T14:33:24","date_gmt":"2023-12-29T14:33:24","guid":{"rendered":"https:\/\/infocontrolsa.com\/tienda\/?post_type=product&#038;p=2864"},"modified":"2023-12-29T14:33:24","modified_gmt":"2023-12-29T14:33:24","slug":"camara-deportiva-komir","status":"publish","type":"product","link":"https:\/\/infocontrolsa.com\/tienda\/producto\/camara-deportiva-komir\/","title":{"rendered":"C\u00c1MARA DEPORTIVA KOMIR"},"content":{"rendered":"","protected":false},"excerpt":{"rendered":"<p>C\u00e1mara deportiva de alta calidad de captura de v\u00eddeo HD 720p, de dise\u00f1o compacto y resistente, especialmente dise\u00f1ada para uso intensivo. Incluye carcasa sumergible hasta 30m de profundidad y multitud de accesorios para ajuste en casco, manillar o cintur\u00f3n, as\u00ed como correas ajustables para cabeza y torso o un adaptador giratorio de 360\u00ba. La versatilidad y resistencia de esta c\u00e1mara deportiva la convierten en el gadget perfecto para capturar, con una calidad excepcional, cualquier actividad deportiva. Con funci\u00f3n c\u00e1mara de fotos Full HD 1080p, ranura para tarjetas micro SD de hasta 32 GB de capacidad, sistema multilenguaje, y recargable mediante cable microUSB -incluido-. Presentada en atractiva caja de dise\u00f1o.<\/p>\n","protected":false},"featured_media":2871,"template":"","meta":[],"product_cat":[348],"product_tag":[],"yoast_head":"<!-- This site is optimized with the Yoast SEO plugin v23.0 - https:\/\/yoast.com\/wordpress\/plugins\/seo\/ -->\n<title>C\u00c1MARA DEPORTIVA KOMIR - Infocontrol S.A<\/title>\n<meta name=\"robots\" content=\"noindex, follow, max-snippet:-1, max-image-preview:large, max-video-preview:-1\" \/>\n<meta property=\"og:locale\" content=\"es_ES\" \/>\n<meta property=\"og:type\" content=\"article\" \/>\n<meta property=\"og:title\" content=\"C\u00c1MARA DEPORTIVA KOMIR - Infocontrol S.A\" \/>\n<meta property=\"og:description\" content=\"C\u00e1mara deportiva de alta calidad de captura de v\u00eddeo HD 720p, de dise\u00f1o compacto y resistente, especialmente dise\u00f1ada para uso intensivo. Incluye carcasa sumergible hasta 30m de profundidad y multitud de accesorios para ajuste en casco, manillar o cintur\u00f3n, as\u00ed como correas ajustables para cabeza y torso o un adaptador giratorio de 360\u00ba. La versatilidad y resistencia de esta c\u00e1mara deportiva la convierten en el gadget perfecto para capturar, con una calidad excepcional, cualquier actividad deportiva. Con funci\u00f3n c\u00e1mara de fotos Full HD 1080p, ranura para tarjetas micro SD de hasta 32 GB de capacidad, sistema multilenguaje, y recargable mediante cable microUSB -incluido-. Presentada en atractiva caja de dise\u00f1o.\" \/>\n<meta property=\"og:url\" content=\"https:\/\/infocontrolsa.com\/tienda\/producto\/camara-deportiva-komir\/\" \/>\n<meta property=\"og:site_name\" content=\"Infocontrol S.A\" \/>\n<meta property=\"article:publisher\" content=\"https:\/\/m.facebook.com\/infocontrolsa\" \/>\n<meta property=\"og:image\" content=\"https:\/\/infocontrolsa.com\/tienda\/wp-content\/uploads\/2023\/12\/COLLAGE-19-scaled.jpg\" \/>\n\t<meta property=\"og:image:width\" content=\"2560\" \/>\n\t<meta property=\"og:image:height\" content=\"2560\" \/>\n\t<meta property=\"og:image:type\" content=\"image\/jpeg\" \/>\n<script type=\"application\/ld+json\" class=\"yoast-schema-graph\">{\"@context\":\"https:\/\/schema.org\",\"@graph\":[{\"@type\":\"WebPage\",\"@id\":\"https:\/\/infocontrolsa.com\/tienda\/producto\/camara-deportiva-komir\/\",\"url\":\"https:\/\/infocontrolsa.com\/tienda\/producto\/camara-deportiva-komir\/\",\"name\":\"C\u00c1MARA DEPORTIVA KOMIR - Infocontrol S.A\",\"isPartOf\":{\"@id\":\"https:\/\/infocontrolsa.com\/tienda\/#website\"},\"primaryImageOfPage\":{\"@id\":\"https:\/\/infocontrolsa.com\/tienda\/producto\/camara-deportiva-komir\/#primaryimage\"},\"image\":{\"@id\":\"https:\/\/infocontrolsa.com\/tienda\/producto\/camara-deportiva-komir\/#primaryimage\"},\"thumbnailUrl\":\"https:\/\/infocontrolsa.com\/tienda\/wp-content\/uploads\/2023\/12\/COLLAGE-19-scaled.jpg\",\"datePublished\":\"2023-12-29T14:33:24+00:00\",\"dateModified\":\"2023-12-29T14:33:24+00:00\",\"breadcrumb\":{\"@id\":\"https:\/\/infocontrolsa.com\/tienda\/producto\/camara-deportiva-komir\/#breadcrumb\"},\"inLanguage\":\"es\",\"potentialAction\":[{\"@type\":\"ReadAction\",\"target\":[\"https:\/\/infocontrolsa.com\/tienda\/producto\/camara-deportiva-komir\/\"]}]},{\"@type\":\"ImageObject\",\"inLanguage\":\"es\",\"@id\":\"https:\/\/infocontrolsa.com\/tienda\/producto\/camara-deportiva-komir\/#primaryimage\",\"url\":\"https:\/\/infocontrolsa.com\/tienda\/wp-content\/uploads\/2023\/12\/COLLAGE-19-scaled.jpg\",\"contentUrl\":\"https:\/\/infocontrolsa.com\/tienda\/wp-content\/uploads\/2023\/12\/COLLAGE-19-scaled.jpg\",\"width\":2560,\"height\":2560},{\"@type\":\"BreadcrumbList\",\"@id\":\"https:\/\/infocontrolsa.com\/tienda\/producto\/camara-deportiva-komir\/#breadcrumb\",\"itemListElement\":[{\"@type\":\"ListItem\",\"position\":1,\"name\":\"Portada\",\"item\":\"https:\/\/infocontrolsa.com\/tienda\/\"},{\"@type\":\"ListItem\",\"position\":2,\"name\":\"Tienda\",\"item\":\"https:\/\/infocontrolsa.com\/tienda\/\"},{\"@type\":\"ListItem\",\"position\":3,\"name\":\"C\u00c1MARA DEPORTIVA KOMIR\"}]},{\"@type\":\"WebSite\",\"@id\":\"https:\/\/infocontrolsa.com\/tienda\/#website\",\"url\":\"https:\/\/infocontrolsa.com\/tienda\/\",\"name\":\"Infocontrol S.A\",\"description\":\"REGALOS PROMOCIONALES PERSONALIZADOS\",\"publisher\":{\"@id\":\"https:\/\/infocontrolsa.com\/tienda\/#organization\"},\"potentialAction\":[{\"@type\":\"SearchAction\",\"target\":{\"@type\":\"EntryPoint\",\"urlTemplate\":\"https:\/\/infocontrolsa.com\/tienda\/?s={search_term_string}\"},\"query-input\":\"required name=search_term_string\"}],\"inLanguage\":\"es\"},{\"@type\":\"Organization\",\"@id\":\"https:\/\/infocontrolsa.com\/tienda\/#organization\",\"name\":\"Infocontrol S.A\",\"url\":\"https:\/\/infocontrolsa.com\/tienda\/\",\"logo\":{\"@type\":\"ImageObject\",\"inLanguage\":\"es\",\"@id\":\"https:\/\/infocontrolsa.com\/tienda\/#\/schema\/logo\/image\/\",\"url\":\"https:\/\/infocontrolsa.com\/tienda\/wp-content\/uploads\/2024\/04\/nuevo-logo-Info.png\",\"contentUrl\":\"https:\/\/infocontrolsa.com\/tienda\/wp-content\/uploads\/2024\/04\/nuevo-logo-Info.png\",\"width\":556,\"height\":113,\"caption\":\"Infocontrol S.A\"},\"image\":{\"@id\":\"https:\/\/infocontrolsa.com\/tienda\/#\/schema\/logo\/image\/\"},\"sameAs\":[\"https:\/\/m.facebook.com\/infocontrolsa\",\"https:\/\/www.instagram.com\/infocontrolsa\/?hl=es\",\"https:\/\/es.linkedin.com\/company\/infocontrol-s-a-\"]}]}<\/script>\n<!-- \/ Yoast SEO plugin. -->","yoast_head_json":{"title":"C\u00c1MARA DEPORTIVA KOMIR - Infocontrol S.A","robots":{"index":"noindex","follow":"follow","max-snippet":"max-snippet:-1","max-image-preview":"max-image-preview:large","max-video-preview":"max-video-preview:-1"},"og_locale":"es_ES","og_type":"article","og_title":"C\u00c1MARA DEPORTIVA KOMIR - Infocontrol S.A","og_description":"C\u00e1mara deportiva de alta calidad de captura de v\u00eddeo HD 720p, de dise\u00f1o compacto y resistente, especialmente dise\u00f1ada para uso intensivo. Incluye carcasa sumergible hasta 30m de profundidad y multitud de accesorios para ajuste en casco, manillar o cintur\u00f3n, as\u00ed como correas ajustables para cabeza y torso o un adaptador giratorio de 360\u00ba. La versatilidad y resistencia de esta c\u00e1mara deportiva la convierten en el gadget perfecto para capturar, con una calidad excepcional, cualquier actividad deportiva. Con funci\u00f3n c\u00e1mara de fotos Full HD 1080p, ranura para tarjetas micro SD de hasta 32 GB de capacidad, sistema multilenguaje, y recargable mediante cable microUSB -incluido-. Presentada en atractiva caja de dise\u00f1o.","og_url":"https:\/\/infocontrolsa.com\/tienda\/producto\/camara-deportiva-komir\/","og_site_name":"Infocontrol S.A","article_publisher":"https:\/\/m.facebook.com\/infocontrolsa","og_image":[{"width":2560,"height":2560,"url":"https:\/\/infocontrolsa.com\/tienda\/wp-content\/uploads\/2023\/12\/COLLAGE-19-scaled.jpg","type":"image\/jpeg"}],"schema":{"@context":"https:\/\/schema.org","@graph":[{"@type":"WebPage","@id":"https:\/\/infocontrolsa.com\/tienda\/producto\/camara-deportiva-komir\/","url":"https:\/\/infocontrolsa.com\/tienda\/producto\/camara-deportiva-komir\/","name":"C\u00c1MARA DEPORTIVA KOMIR - Infocontrol S.A","isPartOf":{"@id":"https:\/\/infocontrolsa.com\/tienda\/#website"},"primaryImageOfPage":{"@id":"https:\/\/infocontrolsa.com\/tienda\/producto\/camara-deportiva-komir\/#primaryimage"},"image":{"@id":"https:\/\/infocontrolsa.com\/tienda\/producto\/camara-deportiva-komir\/#primaryimage"},"thumbnailUrl":"https:\/\/infocontrolsa.com\/tienda\/wp-content\/uploads\/2023\/12\/COLLAGE-19-scaled.jpg","datePublished":"2023-12-29T14:33:24+00:00","dateModified":"2023-12-29T14:33:24+00:00","breadcrumb":{"@id":"https:\/\/infocontrolsa.com\/tienda\/producto\/camara-deportiva-komir\/#breadcrumb"},"inLanguage":"es","potentialAction":[{"@type":"ReadAction","target":["https:\/\/infocontrolsa.com\/tienda\/producto\/camara-deportiva-komir\/"]}]},{"@type":"ImageObject","inLanguage":"es","@id":"https:\/\/infocontrolsa.com\/tienda\/producto\/camara-deportiva-komir\/#primaryimage","url":"https:\/\/infocontrolsa.com\/tienda\/wp-content\/uploads\/2023\/12\/COLLAGE-19-scaled.jpg","contentUrl":"https:\/\/infocontrolsa.com\/tienda\/wp-content\/uploads\/2023\/12\/COLLAGE-19-scaled.jpg","width":2560,"height":2560},{"@type":"BreadcrumbList","@id":"https:\/\/infocontrolsa.com\/tienda\/producto\/camara-deportiva-komir\/#breadcrumb","itemListElement":[{"@type":"ListItem","position":1,"name":"Portada","item":"https:\/\/infocontrolsa.com\/tienda\/"},{"@type":"ListItem","position":2,"name":"Tienda","item":"https:\/\/infocontrolsa.com\/tienda\/"},{"@type":"ListItem","position":3,"name":"C\u00c1MARA DEPORTIVA KOMIR"}]},{"@type":"WebSite","@id":"https:\/\/infocontrolsa.com\/tienda\/#website","url":"https:\/\/infocontrolsa.com\/tienda\/","name":"Infocontrol S.A","description":"REGALOS PROMOCIONALES PERSONALIZADOS","publisher":{"@id":"https:\/\/infocontrolsa.com\/tienda\/#organization"},"potentialAction":[{"@type":"SearchAction","target":{"@type":"EntryPoint","urlTemplate":"https:\/\/infocontrolsa.com\/tienda\/?s={search_term_string}"},"query-input":"required name=search_term_string"}],"inLanguage":"es"},{"@type":"Organization","@id":"https:\/\/infocontrolsa.com\/tienda\/#organization","name":"Infocontrol S.A","url":"https:\/\/infocontrolsa.com\/tienda\/","logo":{"@type":"ImageObject","inLanguage":"es","@id":"https:\/\/infocontrolsa.com\/tienda\/#\/schema\/logo\/image\/","url":"https:\/\/infocontrolsa.com\/tienda\/wp-content\/uploads\/2024\/04\/nuevo-logo-Info.png","contentUrl":"https:\/\/infocontrolsa.com\/tienda\/wp-content\/uploads\/2024\/04\/nuevo-logo-Info.png","width":556,"height":113,"caption":"Infocontrol S.A"},"image":{"@id":"https:\/\/infocontrolsa.com\/tienda\/#\/schema\/logo\/image\/"},"sameAs":["https:\/\/m.facebook.com\/infocontrolsa","https:\/\/www.instagram.com\/infocontrolsa\/?hl=es","https:\/\/es.linkedin.com\/company\/infocontrol-s-a-"]}]}},"_links":{"self":[{"href":"https:\/\/infocontrolsa.com\/tienda\/wp-json\/wp\/v2\/product\/2864"}],"collection":[{"href":"https:\/\/infocontrolsa.com\/tienda\/wp-json\/wp\/v2\/product"}],"about":[{"href":"https:\/\/infocontrolsa.com\/tienda\/wp-json\/wp\/v2\/types\/product"}],"version-history":[{"count":0,"href":"https:\/\/infocontrolsa.com\/tienda\/wp-json\/wp\/v2\/product\/2864\/revisions"}],"wp:featuredmedia":[{"embeddable":true,"href":"https:\/\/infocontrolsa.com\/tienda\/wp-json\/wp\/v2\/media\/2871"}],"wp:attachment":[{"href":"https:\/\/infocontrolsa.com\/tienda\/wp-json\/wp\/v2\/media?parent=2864"}],"wp:term":[{"taxonomy":"product_cat","embeddable":true,"href":"https:\/\/infocontrolsa.com\/tienda\/wp-json\/wp\/v2\/product_cat?post=2864"},{"taxonomy":"product_tag","embeddable":true,"href":"https:\/\/infocontrolsa.com\/tienda\/wp-json\/wp\/v2\/product_tag?post=2864"}],"curies":[{"name":"wp","href":"https:\/\/api.w.org\/{rel}","templated":true}]}}