{"id":2795,"date":"2023-12-28T17:06:26","date_gmt":"2023-12-28T17:06:26","guid":{"rendered":"https:\/\/infocontrolsa.com\/tienda\/?post_type=product&#038;p=2795"},"modified":"2023-12-28T17:06:26","modified_gmt":"2023-12-28T17:06:26","slug":"alfombrilla-craig","status":"publish","type":"product","link":"https:\/\/infocontrolsa.com\/tienda\/producto\/alfombrilla-craig\/","title":{"rendered":"ALFOMBRILLA CRAIG"},"content":{"rendered":"","protected":false},"excerpt":{"rendered":"<p>Elegante y funcional alfombrilla fabricada en combinaci\u00f3n de suave poli\u00e9ster RPET y bamb\u00fa. Con puerto tipo C y cuatro puertos USB 2.0, permitiendo conectar y cargar los dispositivos f\u00e1cilmente. Con soporte para smartphone y base antideslizante que garantiza un uso c\u00f3modo y estable. Introduce una nueva era de conectividad y sostenibilidad en el espacio de trabajo. Presentada en caja individual de dise\u00f1o kraft y en bolsa reciclada. El material RPET se elabora a partir de pl\u00e1stico reciclado, para as\u00ed fomentar la reutilizaci\u00f3n de residuos pl\u00e1sticos y ayudar a la sostenibilidad del planeta.<\/p>\n","protected":false},"featured_media":2798,"template":"","meta":[],"product_cat":[347],"product_tag":[],"yoast_head":"<!-- This site is optimized with the Yoast SEO plugin v23.0 - https:\/\/yoast.com\/wordpress\/plugins\/seo\/ -->\n<title>ALFOMBRILLA CRAIG - Infocontrol S.A<\/title>\n<meta name=\"robots\" content=\"noindex, follow, max-snippet:-1, max-image-preview:large, max-video-preview:-1\" \/>\n<meta property=\"og:locale\" content=\"es_ES\" \/>\n<meta property=\"og:type\" content=\"article\" \/>\n<meta property=\"og:title\" content=\"ALFOMBRILLA CRAIG - Infocontrol S.A\" \/>\n<meta property=\"og:description\" content=\"Elegante y funcional alfombrilla fabricada en combinaci\u00f3n de suave poli\u00e9ster RPET y bamb\u00fa. Con puerto tipo C y cuatro puertos USB 2.0, permitiendo conectar y cargar los dispositivos f\u00e1cilmente. Con soporte para smartphone y base antideslizante que garantiza un uso c\u00f3modo y estable. Introduce una nueva era de conectividad y sostenibilidad en el espacio de trabajo. Presentada en caja individual de dise\u00f1o kraft y en bolsa reciclada. El material RPET se elabora a partir de pl\u00e1stico reciclado, para as\u00ed fomentar la reutilizaci\u00f3n de residuos pl\u00e1sticos y ayudar a la sostenibilidad del planeta.\" \/>\n<meta property=\"og:url\" content=\"https:\/\/infocontrolsa.com\/tienda\/producto\/alfombrilla-craig\/\" \/>\n<meta property=\"og:site_name\" content=\"Infocontrol S.A\" \/>\n<meta property=\"article:publisher\" content=\"https:\/\/m.facebook.com\/infocontrolsa\" \/>\n<meta property=\"og:image\" content=\"https:\/\/infocontrolsa.com\/tienda\/wp-content\/uploads\/2023\/12\/20246-000-10.jpg\" \/>\n\t<meta property=\"og:image:width\" content=\"1080\" \/>\n\t<meta property=\"og:image:height\" content=\"1080\" \/>\n\t<meta property=\"og:image:type\" content=\"image\/jpeg\" \/>\n<script type=\"application\/ld+json\" class=\"yoast-schema-graph\">{\"@context\":\"https:\/\/schema.org\",\"@graph\":[{\"@type\":\"WebPage\",\"@id\":\"https:\/\/infocontrolsa.com\/tienda\/producto\/alfombrilla-craig\/\",\"url\":\"https:\/\/infocontrolsa.com\/tienda\/producto\/alfombrilla-craig\/\",\"name\":\"ALFOMBRILLA CRAIG - Infocontrol S.A\",\"isPartOf\":{\"@id\":\"https:\/\/infocontrolsa.com\/tienda\/#website\"},\"primaryImageOfPage\":{\"@id\":\"https:\/\/infocontrolsa.com\/tienda\/producto\/alfombrilla-craig\/#primaryimage\"},\"image\":{\"@id\":\"https:\/\/infocontrolsa.com\/tienda\/producto\/alfombrilla-craig\/#primaryimage\"},\"thumbnailUrl\":\"https:\/\/infocontrolsa.com\/tienda\/wp-content\/uploads\/2023\/12\/20246-000-10.jpg\",\"datePublished\":\"2023-12-28T17:06:26+00:00\",\"dateModified\":\"2023-12-28T17:06:26+00:00\",\"breadcrumb\":{\"@id\":\"https:\/\/infocontrolsa.com\/tienda\/producto\/alfombrilla-craig\/#breadcrumb\"},\"inLanguage\":\"es\",\"potentialAction\":[{\"@type\":\"ReadAction\",\"target\":[\"https:\/\/infocontrolsa.com\/tienda\/producto\/alfombrilla-craig\/\"]}]},{\"@type\":\"ImageObject\",\"inLanguage\":\"es\",\"@id\":\"https:\/\/infocontrolsa.com\/tienda\/producto\/alfombrilla-craig\/#primaryimage\",\"url\":\"https:\/\/infocontrolsa.com\/tienda\/wp-content\/uploads\/2023\/12\/20246-000-10.jpg\",\"contentUrl\":\"https:\/\/infocontrolsa.com\/tienda\/wp-content\/uploads\/2023\/12\/20246-000-10.jpg\",\"width\":1080,\"height\":1080},{\"@type\":\"BreadcrumbList\",\"@id\":\"https:\/\/infocontrolsa.com\/tienda\/producto\/alfombrilla-craig\/#breadcrumb\",\"itemListElement\":[{\"@type\":\"ListItem\",\"position\":1,\"name\":\"Portada\",\"item\":\"https:\/\/infocontrolsa.com\/tienda\/\"},{\"@type\":\"ListItem\",\"position\":2,\"name\":\"Tienda\",\"item\":\"https:\/\/infocontrolsa.com\/tienda\/\"},{\"@type\":\"ListItem\",\"position\":3,\"name\":\"ALFOMBRILLA CRAIG\"}]},{\"@type\":\"WebSite\",\"@id\":\"https:\/\/infocontrolsa.com\/tienda\/#website\",\"url\":\"https:\/\/infocontrolsa.com\/tienda\/\",\"name\":\"Infocontrol S.A\",\"description\":\"REGALOS PROMOCIONALES PERSONALIZADOS\",\"publisher\":{\"@id\":\"https:\/\/infocontrolsa.com\/tienda\/#organization\"},\"potentialAction\":[{\"@type\":\"SearchAction\",\"target\":{\"@type\":\"EntryPoint\",\"urlTemplate\":\"https:\/\/infocontrolsa.com\/tienda\/?s={search_term_string}\"},\"query-input\":\"required name=search_term_string\"}],\"inLanguage\":\"es\"},{\"@type\":\"Organization\",\"@id\":\"https:\/\/infocontrolsa.com\/tienda\/#organization\",\"name\":\"Infocontrol S.A\",\"url\":\"https:\/\/infocontrolsa.com\/tienda\/\",\"logo\":{\"@type\":\"ImageObject\",\"inLanguage\":\"es\",\"@id\":\"https:\/\/infocontrolsa.com\/tienda\/#\/schema\/logo\/image\/\",\"url\":\"https:\/\/infocontrolsa.com\/tienda\/wp-content\/uploads\/2024\/04\/nuevo-logo-Info.png\",\"contentUrl\":\"https:\/\/infocontrolsa.com\/tienda\/wp-content\/uploads\/2024\/04\/nuevo-logo-Info.png\",\"width\":556,\"height\":113,\"caption\":\"Infocontrol S.A\"},\"image\":{\"@id\":\"https:\/\/infocontrolsa.com\/tienda\/#\/schema\/logo\/image\/\"},\"sameAs\":[\"https:\/\/m.facebook.com\/infocontrolsa\",\"https:\/\/www.instagram.com\/infocontrolsa\/?hl=es\",\"https:\/\/es.linkedin.com\/company\/infocontrol-s-a-\"]}]}<\/script>\n<!-- \/ Yoast SEO plugin. -->","yoast_head_json":{"title":"ALFOMBRILLA CRAIG - Infocontrol S.A","robots":{"index":"noindex","follow":"follow","max-snippet":"max-snippet:-1","max-image-preview":"max-image-preview:large","max-video-preview":"max-video-preview:-1"},"og_locale":"es_ES","og_type":"article","og_title":"ALFOMBRILLA CRAIG - Infocontrol S.A","og_description":"Elegante y funcional alfombrilla fabricada en combinaci\u00f3n de suave poli\u00e9ster RPET y bamb\u00fa. Con puerto tipo C y cuatro puertos USB 2.0, permitiendo conectar y cargar los dispositivos f\u00e1cilmente. Con soporte para smartphone y base antideslizante que garantiza un uso c\u00f3modo y estable. Introduce una nueva era de conectividad y sostenibilidad en el espacio de trabajo. Presentada en caja individual de dise\u00f1o kraft y en bolsa reciclada. El material RPET se elabora a partir de pl\u00e1stico reciclado, para as\u00ed fomentar la reutilizaci\u00f3n de residuos pl\u00e1sticos y ayudar a la sostenibilidad del planeta.","og_url":"https:\/\/infocontrolsa.com\/tienda\/producto\/alfombrilla-craig\/","og_site_name":"Infocontrol S.A","article_publisher":"https:\/\/m.facebook.com\/infocontrolsa","og_image":[{"width":1080,"height":1080,"url":"https:\/\/infocontrolsa.com\/tienda\/wp-content\/uploads\/2023\/12\/20246-000-10.jpg","type":"image\/jpeg"}],"schema":{"@context":"https:\/\/schema.org","@graph":[{"@type":"WebPage","@id":"https:\/\/infocontrolsa.com\/tienda\/producto\/alfombrilla-craig\/","url":"https:\/\/infocontrolsa.com\/tienda\/producto\/alfombrilla-craig\/","name":"ALFOMBRILLA CRAIG - Infocontrol S.A","isPartOf":{"@id":"https:\/\/infocontrolsa.com\/tienda\/#website"},"primaryImageOfPage":{"@id":"https:\/\/infocontrolsa.com\/tienda\/producto\/alfombrilla-craig\/#primaryimage"},"image":{"@id":"https:\/\/infocontrolsa.com\/tienda\/producto\/alfombrilla-craig\/#primaryimage"},"thumbnailUrl":"https:\/\/infocontrolsa.com\/tienda\/wp-content\/uploads\/2023\/12\/20246-000-10.jpg","datePublished":"2023-12-28T17:06:26+00:00","dateModified":"2023-12-28T17:06:26+00:00","breadcrumb":{"@id":"https:\/\/infocontrolsa.com\/tienda\/producto\/alfombrilla-craig\/#breadcrumb"},"inLanguage":"es","potentialAction":[{"@type":"ReadAction","target":["https:\/\/infocontrolsa.com\/tienda\/producto\/alfombrilla-craig\/"]}]},{"@type":"ImageObject","inLanguage":"es","@id":"https:\/\/infocontrolsa.com\/tienda\/producto\/alfombrilla-craig\/#primaryimage","url":"https:\/\/infocontrolsa.com\/tienda\/wp-content\/uploads\/2023\/12\/20246-000-10.jpg","contentUrl":"https:\/\/infocontrolsa.com\/tienda\/wp-content\/uploads\/2023\/12\/20246-000-10.jpg","width":1080,"height":1080},{"@type":"BreadcrumbList","@id":"https:\/\/infocontrolsa.com\/tienda\/producto\/alfombrilla-craig\/#breadcrumb","itemListElement":[{"@type":"ListItem","position":1,"name":"Portada","item":"https:\/\/infocontrolsa.com\/tienda\/"},{"@type":"ListItem","position":2,"name":"Tienda","item":"https:\/\/infocontrolsa.com\/tienda\/"},{"@type":"ListItem","position":3,"name":"ALFOMBRILLA CRAIG"}]},{"@type":"WebSite","@id":"https:\/\/infocontrolsa.com\/tienda\/#website","url":"https:\/\/infocontrolsa.com\/tienda\/","name":"Infocontrol S.A","description":"REGALOS PROMOCIONALES PERSONALIZADOS","publisher":{"@id":"https:\/\/infocontrolsa.com\/tienda\/#organization"},"potentialAction":[{"@type":"SearchAction","target":{"@type":"EntryPoint","urlTemplate":"https:\/\/infocontrolsa.com\/tienda\/?s={search_term_string}"},"query-input":"required name=search_term_string"}],"inLanguage":"es"},{"@type":"Organization","@id":"https:\/\/infocontrolsa.com\/tienda\/#organization","name":"Infocontrol S.A","url":"https:\/\/infocontrolsa.com\/tienda\/","logo":{"@type":"ImageObject","inLanguage":"es","@id":"https:\/\/infocontrolsa.com\/tienda\/#\/schema\/logo\/image\/","url":"https:\/\/infocontrolsa.com\/tienda\/wp-content\/uploads\/2024\/04\/nuevo-logo-Info.png","contentUrl":"https:\/\/infocontrolsa.com\/tienda\/wp-content\/uploads\/2024\/04\/nuevo-logo-Info.png","width":556,"height":113,"caption":"Infocontrol S.A"},"image":{"@id":"https:\/\/infocontrolsa.com\/tienda\/#\/schema\/logo\/image\/"},"sameAs":["https:\/\/m.facebook.com\/infocontrolsa","https:\/\/www.instagram.com\/infocontrolsa\/?hl=es","https:\/\/es.linkedin.com\/company\/infocontrol-s-a-"]}]}},"_links":{"self":[{"href":"https:\/\/infocontrolsa.com\/tienda\/wp-json\/wp\/v2\/product\/2795"}],"collection":[{"href":"https:\/\/infocontrolsa.com\/tienda\/wp-json\/wp\/v2\/product"}],"about":[{"href":"https:\/\/infocontrolsa.com\/tienda\/wp-json\/wp\/v2\/types\/product"}],"version-history":[{"count":0,"href":"https:\/\/infocontrolsa.com\/tienda\/wp-json\/wp\/v2\/product\/2795\/revisions"}],"wp:featuredmedia":[{"embeddable":true,"href":"https:\/\/infocontrolsa.com\/tienda\/wp-json\/wp\/v2\/media\/2798"}],"wp:attachment":[{"href":"https:\/\/infocontrolsa.com\/tienda\/wp-json\/wp\/v2\/media?parent=2795"}],"wp:term":[{"taxonomy":"product_cat","embeddable":true,"href":"https:\/\/infocontrolsa.com\/tienda\/wp-json\/wp\/v2\/product_cat?post=2795"},{"taxonomy":"product_tag","embeddable":true,"href":"https:\/\/infocontrolsa.com\/tienda\/wp-json\/wp\/v2\/product_tag?post=2795"}],"curies":[{"name":"wp","href":"https:\/\/api.w.org\/{rel}","templated":true}]}}