{"id":2389,"date":"2023-12-20T14:29:28","date_gmt":"2023-12-20T14:29:28","guid":{"rendered":"https:\/\/infocontrolsa.com\/tienda\/?post_type=product&#038;p=2389"},"modified":"2024-04-10T09:05:23","modified_gmt":"2024-04-10T09:05:23","slug":"bolsa-fenin","status":"publish","type":"product","link":"https:\/\/infocontrolsa.com\/tienda\/producto\/bolsa-fenin\/","title":{"rendered":"BOLSA FENIN"},"content":{"rendered":"","protected":false},"excerpt":{"rendered":"<p>Bolsa mochila de cuerdas de l\u00ednea nature, en resistente algod\u00f3n reciclado de 140g\/m2, con asas de transporte de 70 cm a juego. Cuerdas en algod\u00f3n de color crudo, con argollas met\u00e1licas reforzadas y distintivo algod\u00f3n reciclado en etiqueta. Disponible en variada gama de colores. Resistencia hasta 9kg de peso.<\/p>\n","protected":false},"featured_media":2394,"template":"","meta":[],"product_cat":[371],"product_tag":[],"yoast_head":"<!-- This site is optimized with the Yoast SEO plugin v23.0 - https:\/\/yoast.com\/wordpress\/plugins\/seo\/ -->\n<title>BOLSA FENIN - Infocontrol S.A<\/title>\n<meta name=\"robots\" content=\"noindex, follow, max-snippet:-1, max-image-preview:large, max-video-preview:-1\" \/>\n<meta property=\"og:locale\" content=\"es_ES\" \/>\n<meta property=\"og:type\" content=\"article\" \/>\n<meta property=\"og:title\" content=\"BOLSA FENIN - Infocontrol S.A\" \/>\n<meta property=\"og:description\" content=\"Bolsa mochila de cuerdas de l\u00ednea nature, en resistente algod\u00f3n reciclado de 140g\/m2, con asas de transporte de 70 cm a juego. Cuerdas en algod\u00f3n de color crudo, con argollas met\u00e1licas reforzadas y distintivo algod\u00f3n reciclado en etiqueta. Disponible en variada gama de colores. Resistencia hasta 9kg de peso.\" \/>\n<meta property=\"og:url\" content=\"https:\/\/infocontrolsa.com\/tienda\/producto\/bolsa-fenin\/\" \/>\n<meta property=\"og:site_name\" content=\"Infocontrol S.A\" \/>\n<meta property=\"article:publisher\" content=\"https:\/\/m.facebook.com\/infocontrolsa\" \/>\n<meta property=\"article:modified_time\" content=\"2024-04-10T09:05:23+00:00\" \/>\n<meta property=\"og:image\" content=\"https:\/\/infocontrolsa.com\/tienda\/wp-content\/uploads\/2023\/12\/COLLAGE-3-scaled.jpg\" \/>\n\t<meta property=\"og:image:width\" content=\"2560\" \/>\n\t<meta property=\"og:image:height\" content=\"1703\" \/>\n\t<meta property=\"og:image:type\" content=\"image\/jpeg\" \/>\n<script type=\"application\/ld+json\" class=\"yoast-schema-graph\">{\"@context\":\"https:\/\/schema.org\",\"@graph\":[{\"@type\":\"WebPage\",\"@id\":\"https:\/\/infocontrolsa.com\/tienda\/producto\/bolsa-fenin\/\",\"url\":\"https:\/\/infocontrolsa.com\/tienda\/producto\/bolsa-fenin\/\",\"name\":\"BOLSA FENIN - Infocontrol S.A\",\"isPartOf\":{\"@id\":\"https:\/\/infocontrolsa.com\/tienda\/#website\"},\"primaryImageOfPage\":{\"@id\":\"https:\/\/infocontrolsa.com\/tienda\/producto\/bolsa-fenin\/#primaryimage\"},\"image\":{\"@id\":\"https:\/\/infocontrolsa.com\/tienda\/producto\/bolsa-fenin\/#primaryimage\"},\"thumbnailUrl\":\"https:\/\/infocontrolsa.com\/tienda\/wp-content\/uploads\/2023\/12\/COLLAGE-3-scaled.jpg\",\"datePublished\":\"2023-12-20T14:29:28+00:00\",\"dateModified\":\"2024-04-10T09:05:23+00:00\",\"breadcrumb\":{\"@id\":\"https:\/\/infocontrolsa.com\/tienda\/producto\/bolsa-fenin\/#breadcrumb\"},\"inLanguage\":\"es\",\"potentialAction\":[{\"@type\":\"ReadAction\",\"target\":[\"https:\/\/infocontrolsa.com\/tienda\/producto\/bolsa-fenin\/\"]}]},{\"@type\":\"ImageObject\",\"inLanguage\":\"es\",\"@id\":\"https:\/\/infocontrolsa.com\/tienda\/producto\/bolsa-fenin\/#primaryimage\",\"url\":\"https:\/\/infocontrolsa.com\/tienda\/wp-content\/uploads\/2023\/12\/COLLAGE-3-scaled.jpg\",\"contentUrl\":\"https:\/\/infocontrolsa.com\/tienda\/wp-content\/uploads\/2023\/12\/COLLAGE-3-scaled.jpg\",\"width\":2560,\"height\":1703},{\"@type\":\"BreadcrumbList\",\"@id\":\"https:\/\/infocontrolsa.com\/tienda\/producto\/bolsa-fenin\/#breadcrumb\",\"itemListElement\":[{\"@type\":\"ListItem\",\"position\":1,\"name\":\"Portada\",\"item\":\"https:\/\/infocontrolsa.com\/tienda\/\"},{\"@type\":\"ListItem\",\"position\":2,\"name\":\"Tienda\",\"item\":\"https:\/\/infocontrolsa.com\/tienda\/\"},{\"@type\":\"ListItem\",\"position\":3,\"name\":\"BOLSA FENIN\"}]},{\"@type\":\"WebSite\",\"@id\":\"https:\/\/infocontrolsa.com\/tienda\/#website\",\"url\":\"https:\/\/infocontrolsa.com\/tienda\/\",\"name\":\"Infocontrol S.A\",\"description\":\"REGALOS PROMOCIONALES PERSONALIZADOS\",\"publisher\":{\"@id\":\"https:\/\/infocontrolsa.com\/tienda\/#organization\"},\"potentialAction\":[{\"@type\":\"SearchAction\",\"target\":{\"@type\":\"EntryPoint\",\"urlTemplate\":\"https:\/\/infocontrolsa.com\/tienda\/?s={search_term_string}\"},\"query-input\":\"required name=search_term_string\"}],\"inLanguage\":\"es\"},{\"@type\":\"Organization\",\"@id\":\"https:\/\/infocontrolsa.com\/tienda\/#organization\",\"name\":\"Infocontrol S.A\",\"url\":\"https:\/\/infocontrolsa.com\/tienda\/\",\"logo\":{\"@type\":\"ImageObject\",\"inLanguage\":\"es\",\"@id\":\"https:\/\/infocontrolsa.com\/tienda\/#\/schema\/logo\/image\/\",\"url\":\"https:\/\/infocontrolsa.com\/tienda\/wp-content\/uploads\/2024\/04\/nuevo-logo-Info.png\",\"contentUrl\":\"https:\/\/infocontrolsa.com\/tienda\/wp-content\/uploads\/2024\/04\/nuevo-logo-Info.png\",\"width\":556,\"height\":113,\"caption\":\"Infocontrol S.A\"},\"image\":{\"@id\":\"https:\/\/infocontrolsa.com\/tienda\/#\/schema\/logo\/image\/\"},\"sameAs\":[\"https:\/\/m.facebook.com\/infocontrolsa\",\"https:\/\/www.instagram.com\/infocontrolsa\/?hl=es\",\"https:\/\/es.linkedin.com\/company\/infocontrol-s-a-\"]}]}<\/script>\n<!-- \/ Yoast SEO plugin. -->","yoast_head_json":{"title":"BOLSA FENIN - Infocontrol S.A","robots":{"index":"noindex","follow":"follow","max-snippet":"max-snippet:-1","max-image-preview":"max-image-preview:large","max-video-preview":"max-video-preview:-1"},"og_locale":"es_ES","og_type":"article","og_title":"BOLSA FENIN - Infocontrol S.A","og_description":"Bolsa mochila de cuerdas de l\u00ednea nature, en resistente algod\u00f3n reciclado de 140g\/m2, con asas de transporte de 70 cm a juego. Cuerdas en algod\u00f3n de color crudo, con argollas met\u00e1licas reforzadas y distintivo algod\u00f3n reciclado en etiqueta. Disponible en variada gama de colores. Resistencia hasta 9kg de peso.","og_url":"https:\/\/infocontrolsa.com\/tienda\/producto\/bolsa-fenin\/","og_site_name":"Infocontrol S.A","article_publisher":"https:\/\/m.facebook.com\/infocontrolsa","article_modified_time":"2024-04-10T09:05:23+00:00","og_image":[{"width":2560,"height":1703,"url":"https:\/\/infocontrolsa.com\/tienda\/wp-content\/uploads\/2023\/12\/COLLAGE-3-scaled.jpg","type":"image\/jpeg"}],"schema":{"@context":"https:\/\/schema.org","@graph":[{"@type":"WebPage","@id":"https:\/\/infocontrolsa.com\/tienda\/producto\/bolsa-fenin\/","url":"https:\/\/infocontrolsa.com\/tienda\/producto\/bolsa-fenin\/","name":"BOLSA FENIN - Infocontrol S.A","isPartOf":{"@id":"https:\/\/infocontrolsa.com\/tienda\/#website"},"primaryImageOfPage":{"@id":"https:\/\/infocontrolsa.com\/tienda\/producto\/bolsa-fenin\/#primaryimage"},"image":{"@id":"https:\/\/infocontrolsa.com\/tienda\/producto\/bolsa-fenin\/#primaryimage"},"thumbnailUrl":"https:\/\/infocontrolsa.com\/tienda\/wp-content\/uploads\/2023\/12\/COLLAGE-3-scaled.jpg","datePublished":"2023-12-20T14:29:28+00:00","dateModified":"2024-04-10T09:05:23+00:00","breadcrumb":{"@id":"https:\/\/infocontrolsa.com\/tienda\/producto\/bolsa-fenin\/#breadcrumb"},"inLanguage":"es","potentialAction":[{"@type":"ReadAction","target":["https:\/\/infocontrolsa.com\/tienda\/producto\/bolsa-fenin\/"]}]},{"@type":"ImageObject","inLanguage":"es","@id":"https:\/\/infocontrolsa.com\/tienda\/producto\/bolsa-fenin\/#primaryimage","url":"https:\/\/infocontrolsa.com\/tienda\/wp-content\/uploads\/2023\/12\/COLLAGE-3-scaled.jpg","contentUrl":"https:\/\/infocontrolsa.com\/tienda\/wp-content\/uploads\/2023\/12\/COLLAGE-3-scaled.jpg","width":2560,"height":1703},{"@type":"BreadcrumbList","@id":"https:\/\/infocontrolsa.com\/tienda\/producto\/bolsa-fenin\/#breadcrumb","itemListElement":[{"@type":"ListItem","position":1,"name":"Portada","item":"https:\/\/infocontrolsa.com\/tienda\/"},{"@type":"ListItem","position":2,"name":"Tienda","item":"https:\/\/infocontrolsa.com\/tienda\/"},{"@type":"ListItem","position":3,"name":"BOLSA FENIN"}]},{"@type":"WebSite","@id":"https:\/\/infocontrolsa.com\/tienda\/#website","url":"https:\/\/infocontrolsa.com\/tienda\/","name":"Infocontrol S.A","description":"REGALOS PROMOCIONALES PERSONALIZADOS","publisher":{"@id":"https:\/\/infocontrolsa.com\/tienda\/#organization"},"potentialAction":[{"@type":"SearchAction","target":{"@type":"EntryPoint","urlTemplate":"https:\/\/infocontrolsa.com\/tienda\/?s={search_term_string}"},"query-input":"required name=search_term_string"}],"inLanguage":"es"},{"@type":"Organization","@id":"https:\/\/infocontrolsa.com\/tienda\/#organization","name":"Infocontrol S.A","url":"https:\/\/infocontrolsa.com\/tienda\/","logo":{"@type":"ImageObject","inLanguage":"es","@id":"https:\/\/infocontrolsa.com\/tienda\/#\/schema\/logo\/image\/","url":"https:\/\/infocontrolsa.com\/tienda\/wp-content\/uploads\/2024\/04\/nuevo-logo-Info.png","contentUrl":"https:\/\/infocontrolsa.com\/tienda\/wp-content\/uploads\/2024\/04\/nuevo-logo-Info.png","width":556,"height":113,"caption":"Infocontrol S.A"},"image":{"@id":"https:\/\/infocontrolsa.com\/tienda\/#\/schema\/logo\/image\/"},"sameAs":["https:\/\/m.facebook.com\/infocontrolsa","https:\/\/www.instagram.com\/infocontrolsa\/?hl=es","https:\/\/es.linkedin.com\/company\/infocontrol-s-a-"]}]}},"_links":{"self":[{"href":"https:\/\/infocontrolsa.com\/tienda\/wp-json\/wp\/v2\/product\/2389"}],"collection":[{"href":"https:\/\/infocontrolsa.com\/tienda\/wp-json\/wp\/v2\/product"}],"about":[{"href":"https:\/\/infocontrolsa.com\/tienda\/wp-json\/wp\/v2\/types\/product"}],"version-history":[{"count":0,"href":"https:\/\/infocontrolsa.com\/tienda\/wp-json\/wp\/v2\/product\/2389\/revisions"}],"wp:featuredmedia":[{"embeddable":true,"href":"https:\/\/infocontrolsa.com\/tienda\/wp-json\/wp\/v2\/media\/2394"}],"wp:attachment":[{"href":"https:\/\/infocontrolsa.com\/tienda\/wp-json\/wp\/v2\/media?parent=2389"}],"wp:term":[{"taxonomy":"product_cat","embeddable":true,"href":"https:\/\/infocontrolsa.com\/tienda\/wp-json\/wp\/v2\/product_cat?post=2389"},{"taxonomy":"product_tag","embeddable":true,"href":"https:\/\/infocontrolsa.com\/tienda\/wp-json\/wp\/v2\/product_tag?post=2389"}],"curies":[{"name":"wp","href":"https:\/\/api.w.org\/{rel}","templated":true}]}}